{"id":1939,"date":"2021-02-03T14:08:41","date_gmt":"2021-02-03T14:08:41","guid":{"rendered":"http:\/\/attac-bildung-erziehung.de\/?page_id=1939"},"modified":"2025-05-23T11:41:45","modified_gmt":"2025-05-23T11:41:45","slug":"lehr-und-unterrichtsmaterialien","status":"publish","type":"page","link":"http:\/\/attac-bildung-erziehung.de\/?page_id=1939","title":{"rendered":"Lehr- und Unterrichtsmaterialien"},"content":{"rendered":"\n<h2>Wirtschaft in demokratischer Perspektive <\/h2>\n\n\n\n<h3>Lehr- und Unterrichtsmaterialien von Attac f\u00fcr alle Altersstufen<\/h3>\n\n\n\n<p>Die Einflussnahme von Wirtschaftsinteressen auf die Inhalte des Unterrichts hat in NRW mit der Durchsetzung und Einf\u00fchrung eines neuen Unterrichts- und (!) Studienfaches \u201eWirtschaft\/Politik\u201c eine neue, auch bildungspolitische Dimension erreicht. Ab dem Schj. 2019\/20 hat die CDU\/FDP-Landesregierung &#8211; anstelle des bisherigen Unterrichtsfaches \u201eGesellschaftslehre\u201c &#8211; dieses neue Fach an Gymnasien, ab 2020\/21 an allen weiterf\u00fchrenden Schulen eingef\u00fchrt. Nun soll auch an den Universit\u00e4ten das Fach \u201eSozialwissenschaften\u201c durch das neukonzipierte Fach \u201eWirtschaft\/Politik\u201c ersetzt werden &#8211; mit der vorrangigen Gewichtung und Ausrichtung auf Wirtschaft (und Wirtschaftsinteressen) insbesondere in der Lehrer*innenbildung.<\/p>\n\n\n\n<figure class=\"wp-block-image size-large is-resized\"><a href=\"http:\/\/attac-bildung-erziehung.de\/wp-content\/uploads\/2021\/02\/SchuleDax.jpg\"><img loading=\"lazy\" src=\"http:\/\/attac-bildung-erziehung.de\/wp-content\/uploads\/2021\/02\/SchuleDax.jpg\" alt=\"\" class=\"wp-image-2015\" width=\"670\" height=\"462\" srcset=\"http:\/\/attac-bildung-erziehung.de\/wp-content\/uploads\/2021\/02\/SchuleDax.jpg 949w, http:\/\/attac-bildung-erziehung.de\/wp-content\/uploads\/2021\/02\/SchuleDax-300x207.jpg 300w, http:\/\/attac-bildung-erziehung.de\/wp-content\/uploads\/2021\/02\/SchuleDax-768x530.jpg 768w\" sizes=\"(max-width: 670px) 100vw, 670px\" \/><\/a><\/figure>\n\n\n\n<p>Bild: Gerhard Mester. Abdruck mit freundlicher Genehmigung der Otto-Brenner-Stiftung<\/p>\n\n\n\n<p>Seit vielen Jahren l\u00e4sst sich parallel zur Kommerzialisierung des Bildungssystems die \u00d6konomisierung von Lehrinhalten in Unterricht und Lehre beobachten. So finanzieren und verteilen zahlreiche Unternehmen kostenlose Lehr- und Unterrichtsmaterialien. Lobbygruppen finden mit ihren Lehrmaterialien problemlos Zugang zu Schule und Universit\u00e4t. So f\u00fchrt etwa der Bankenverband in Zusammenarbeit mit der FAZ das Projekt &#8220;Jugend und Wirtschaft &#8211; Sch\u00fcler werden Reporter &#8220;durch. Eine Untersuchung zum Thema ist die 2019 von der Otto-Brenner-Stiftung ver\u00f6ffentlichte Studie von Tim Engartner \u201e<a href=\"https:\/\/www.otto-brenner-stiftung.de\/fileadmin\/user_data\/stiftung\/02_Wissenschaftsportal\/03_Publikationen\/AH100_Lobbyismus_Schule.pdf\">Wie DAX- Unternehmen Schule machen. Lehr- und Lernmaterial als T\u00fcr\u00f6ffner f\u00fcr Lobbyismus<\/a>\u201c.Engartner  zeigt detailliert und konkret wie weit die Einflussnahme, auch ohne strukturelle politische Unterst\u00fctzung wie j\u00fcngst in NRW, vorangeschritten ist. Auch wenn die Materialien nicht immer direkt erkennbar auf einschl\u00e4gige kommerzielle Interessen ausgerichtet sind, in jedem Fall zeigen sie die Welt durch die Brille ihrer Finanziers. So werden neoliberale Glaubenss\u00e4tze von der Notwendigkeit der &#8220;Entfesselung&#8221; des alles richtenden Marktes in den K\u00f6pfen von Sch\u00fcler*innen und ihren zuk\u00fcnftigen Lehrer*innen (als Studierenden) verankert. Denn Wirtschaftsthemen werden meist allein im Rahmen der neoklassischen Lehre abgehandelt.<\/p>\n\n\n\n<p><strong>Dem will Attac mit eigenen Unterrichtsmaterialien etwas entgegensetzen.<\/strong><\/p>\n\n\n\n<h2>Grundschulen: Wie wollen wir zusammen leben?<\/h2>\n\n\n\n<p>Attac ver\u00f6ffentlicht Unterrichtsmaterialien f\u00fcr die Klassen eins bis sechs in Zusammenarbeit mit dem Humanistischen Landesverband Berlin-Brandenburg. In der Reihe &#8220;<a href=\"https:\/\/www.attac.de\/bildungsangebot\/bildungsmaterial\/grundschule\" target=\"_blank\" rel=\"noreferrer noopener\">Wie wollen wir zusammen leben?<\/a>&#8221; sind bisher vier Materialien erschienen:<\/p>\n\n\n\n<div class=\"wp-block-group\"><div class=\"wp-block-group__inner-container\">\n<p>&#8211; Faire Arbeit \u2013 Gutes Leben<br>&#8211; Demokratie und Mitbestimmung <\/p>\n\n\n\n<p>&#8211; Kooperation und Solidarit\u00e4t<br>&#8211; Was ist gerecht?<\/p>\n<\/div><\/div>\n\n\n\n<p>Im Zentrum stehen ethische und soziale Fragen. Zugleich werden die Kinder altersgem\u00e4\u00df an einzelne Aspekte aus Wirtschaft und Politik herangef\u00fchrt. Die Materialien eignen sich insbesondere f\u00fcr den Sachkunde-, Ethik-, Religions- und Lebenskundeunterricht.<\/p>\n\n\n\n<h2>Sekundarstufe I \/ II, Lehrer*innenbildung, au\u00dferschulische Bildungsarbeit: Wirtschaft demokratisch gestalten lernen<\/h2>\n\n\n\n<p>Seit 2015 Jahren produziert Attac die Reihe &#8220;<a href=\"https:\/\/www.attac.de\/bildungsangebot\/bildungsmaterial\">Wirtschaft demokratisch gestalten lernen<\/a>&#8221; f\u00fcr den Unterricht ab Sekundarstufe I, f\u00fcr die au\u00dferschulische Bildungsarbeit und f\u00fcr alle Phasen der Lehrer*innenbildung. Erschienen sind bisher die Materialien:<\/p>\n\n\n\n<p>&#8211; Klimaneutral und sozial gerecht \u2013 Wege in die Gesellschaft der Zukunft <\/p>\n\n\n\n<p>&#8211; Moderne Sklaverei \u2013 \u00dcber globale Arbeitsverh\u00e4ltnisse<br>&#8211; Kapitalismus &#8211; oder was? \u00dcber Marktwirtschaft und Alternativen<br>&#8211; Globalisierte Finanzm\u00e4rkte \u2013 10 Jahre nach der gro\u00dfen Krise<\/p>\n\n\n\n<p>&#8211; Europa nach der Krise?<br>&#8211; TTIP &amp; Co: Handelsvertrag sticht Demokratie?<\/p>\n\n\n\n<p><strong>Jenseits der Tagespolitik<\/strong><\/p>\n\n\n\n<p>In den Bildungsmaterialien werden aktuelle politische Konflikte als Aufh\u00e4nger f\u00fcr grundlegende Fragen genutzt. Exemplarische Konflikte sind didaktisch aufbereitet, zum Beispiel die Auseinandersetzung um die Finanztransaktionssteuer als ein Aspekt des Themas Regulierung der Finanzm\u00e4rkte. Es werden Themen wie die Klimafrage, die soziale Ungleichheit, die Wohnungsfrage, die Ungleichgewichte in Europa oder die Frage nach Alternativen zum Kapitalismus behandelt. Auch die Materialien zu TTIP (nur vorerst politisch vom Tisch) k\u00f6nnen nach wie vor eingesetzt werden, da am konkreten Beispiel grundlegende Fragen der aktuellen Handelspolitik thematisiert werden.<\/p>\n\n\n\n<p><strong>Alternative Sichtweisen einbringen<\/strong><\/p>\n\n\n\n<p>Ein Ziel des Materials ist es, das Handlungsrepertoire sozialer Bewegungen zu thematisieren. Ein anderes Anliegen ist es, Gegenexpertisen zu den vorherrschenden neoklassischen Sichtweisen auf wirtschaftliche Prozesse einzubringen. Es geht darum, die Wirkung unterschiedlicher \u00f6konomischer Theorien sowie darauf basierender Politiken in \u00f6konomischer wie sozialer und \u00f6kologischer Hinsicht aufzuzeigen und einzusch\u00e4tzen. Damit verbunden ist dasThematisieren sozialer Ungleichheiten sowie von Interessengegens\u00e4tzen, Machtasymmetrien und systemischen Zw\u00e4ngen. Nicht zuletzt werden die \u00f6konomischen Themen immer im Hinblick auf ihre demokratische Gestaltbarkeit befragt.<\/p>\n\n\n\n<p><strong>Kontroversit\u00e4t durch Kritik<\/strong><\/p>\n\n\n\n<p>Bei all dem geht es um Lernangebote, die bestimmte Perspektiven er\u00f6ffnen, um sie zur Diskussion zu stellen, und nicht darum, die Lernenden zu manipulieren oder gar zu indoktrinieren. Ohnehin ist davon auszugehen, dass die Lehrer*innen Materialien von Attac gezielt als kritische Alternative zu anderen Positionen einsetzen, wie entsprechende Anfragen von Schulen zeigen.<\/p>\n\n\n\n<p><strong>Download, Bestellung und Kontakt<\/strong><\/p>\n\n\n\n<p>Alle Materialien stehen zum kostenlosen Download im Netz (<a rel=\"noreferrer noopener\" href=\"https:\/\/www.attac.de\/bildungsangebot\/bildungsmaterial\/\" target=\"_blank\">https:\/\/www.attac.de\/bildungsangebot\/bildungsmaterial\/ <\/a>) bereit. Eine Druckversion kann im Attac-Webshop bestellt werden (https:\/\/shop.attac.de) F\u00fcr weitere Information oder eine Aufnahme in den Attac-Bildungsverteiler gen\u00fcgt eine E-Mail an Holger Oppenh\u00e4user (bildung@attac.de).<\/p>\n\n\n\n<p><\/p>\n","protected":false},"excerpt":{"rendered":"<p>Wirtschaft in demokratischer Perspektive Lehr- und Unterrichtsmaterialien von Attac f\u00fcr alle Altersstufen Die Einflussnahme von Wirtschaftsinteressen auf die Inhalte des Unterrichts hat in NRW mit der Durchsetzung und Einf\u00fchrung eines neuen Unterrichts- und (!) Studienfaches \u201eWirtschaft\/Politik\u201c eine neue, auch bildungspolitische &hellip; <a href=\"http:\/\/attac-bildung-erziehung.de\/?page_id=1939\">Weiterlesen <span class=\"meta-nav\">&rarr;<\/span><\/a><\/p>\n","protected":false},"author":1,"featured_media":0,"parent":0,"menu_order":4,"comment_status":"closed","ping_status":"closed","template":"","meta":[],"_links":{"self":[{"href":"http:\/\/attac-bildung-erziehung.de\/index.php?rest_route=\/wp\/v2\/pages\/1939"}],"collection":[{"href":"http:\/\/attac-bildung-erziehung.de\/index.php?rest_route=\/wp\/v2\/pages"}],"about":[{"href":"http:\/\/attac-bildung-erziehung.de\/index.php?rest_route=\/wp\/v2\/types\/page"}],"author":[{"embeddable":true,"href":"http:\/\/attac-bildung-erziehung.de\/index.php?rest_route=\/wp\/v2\/users\/1"}],"replies":[{"embeddable":true,"href":"http:\/\/attac-bildung-erziehung.de\/index.php?rest_route=%2Fwp%2Fv2%2Fcomments&post=1939"}],"version-history":[{"count":34,"href":"http:\/\/attac-bildung-erziehung.de\/index.php?rest_route=\/wp\/v2\/pages\/1939\/revisions"}],"predecessor-version":[{"id":2716,"href":"http:\/\/attac-bildung-erziehung.de\/index.php?rest_route=\/wp\/v2\/pages\/1939\/revisions\/2716"}],"wp:attachment":[{"href":"http:\/\/attac-bildung-erziehung.de\/index.php?rest_route=%2Fwp%2Fv2%2Fmedia&parent=1939"}],"curies":[{"name":"wp","href":"https:\/\/api.w.org\/{rel}","templated":true}]}}