{"id":21,"date":"2011-07-18T08:26:50","date_gmt":"2011-07-18T08:26:50","guid":{"rendered":"http:\/\/attac-bildung-erziehung.de\/?page_id=21"},"modified":"2025-11-08T14:14:23","modified_gmt":"2025-11-08T14:14:23","slug":"links","status":"publish","type":"page","link":"http:\/\/attac-bildung-erziehung.de\/?page_id=21","title":{"rendered":"Kontakt \/ Impressum"},"content":{"rendered":"\n<p><strong>Anfahrt Alte Feuerwache K\u00f6ln: <\/strong><a href=\"https:\/\/altefeuerwachekoeln.de\/\">https:\/\/altefeuerwachekoeln.de\/<\/a><\/p>\n\n\n\n<p><strong>VisdP:&nbsp;<\/strong>Oswald Pannes, Titusstr. 20, 50678 K\u00f6ln<\/p>\n\n\n\n<p><strong>E-Mail: <\/strong>Monika Domke, <a href=\"mailto:monika_domke@yahoo.de\">monika_domke@yahoo.de<\/a><\/p>\n\n\n\n<p><strong>Disclaimer:&nbsp;<\/strong>Das Landgericht Hamburg hat entschieden, dass man durch das Setzen eines Links die Inhalte der gelinkten Seite ggf. mit zu verantworten hat. Dies kann, so das LG, nur dadurch verhindert werden, dass man sich ausdr\u00fccklich von diesen Inhalten distanziert. Auf dieser Homepage sind andere Seiten gelinkt.&nbsp;Wir haben keinerlei Einfluss auf die Gestaltung der gelinkten Seiten und machen uns ihre Inhalte nicht zu eigen. Wir distanzieren uns hiermit ausdr\u00fccklich von eventuell rechtswidrigen Inhalten der gelinkten Seiten. Dieses gilt f\u00fcr alle Links auf dieser Homepage, die zu anderen Seiten f\u00fchren.<\/p>\n","protected":false},"excerpt":{"rendered":"<p>Anfahrt Alte Feuerwache K\u00f6ln: https:\/\/altefeuerwachekoeln.de\/ VisdP:&nbsp;Oswald Pannes, Titusstr. 20, 50678 K\u00f6ln E-Mail: Monika Domke, monika_domke@yahoo.de Disclaimer:&nbsp;Das Landgericht Hamburg hat entschieden, dass man durch das Setzen eines Links die Inhalte der gelinkten Seite ggf. mit zu verantworten hat. Dies kann, so &hellip; <a href=\"http:\/\/attac-bildung-erziehung.de\/?page_id=21\">Weiterlesen <span class=\"meta-nav\">&rarr;<\/span><\/a><\/p>\n","protected":false},"author":1,"featured_media":0,"parent":0,"menu_order":7,"comment_status":"closed","ping_status":"closed","template":"","meta":[],"_links":{"self":[{"href":"http:\/\/attac-bildung-erziehung.de\/index.php?rest_route=\/wp\/v2\/pages\/21"}],"collection":[{"href":"http:\/\/attac-bildung-erziehung.de\/index.php?rest_route=\/wp\/v2\/pages"}],"about":[{"href":"http:\/\/attac-bildung-erziehung.de\/index.php?rest_route=\/wp\/v2\/types\/page"}],"author":[{"embeddable":true,"href":"http:\/\/attac-bildung-erziehung.de\/index.php?rest_route=\/wp\/v2\/users\/1"}],"replies":[{"embeddable":true,"href":"http:\/\/attac-bildung-erziehung.de\/index.php?rest_route=%2Fwp%2Fv2%2Fcomments&post=21"}],"version-history":[{"count":12,"href":"http:\/\/attac-bildung-erziehung.de\/index.php?rest_route=\/wp\/v2\/pages\/21\/revisions"}],"predecessor-version":[{"id":2743,"href":"http:\/\/attac-bildung-erziehung.de\/index.php?rest_route=\/wp\/v2\/pages\/21\/revisions\/2743"}],"wp:attachment":[{"href":"http:\/\/attac-bildung-erziehung.de\/index.php?rest_route=%2Fwp%2Fv2%2Fmedia&parent=21"}],"curies":[{"name":"wp","href":"https:\/\/api.w.org\/{rel}","templated":true}]}}