{"id":2524,"date":"2025-03-29T15:02:43","date_gmt":"2025-03-29T15:02:43","guid":{"rendered":"http:\/\/attac-bildung-erziehung.de\/?page_id=2524"},"modified":"2025-11-08T14:32:34","modified_gmt":"2025-11-08T14:32:34","slug":"termine-und-veranstaltungen-2","status":"publish","type":"page","link":"http:\/\/attac-bildung-erziehung.de\/?page_id=2524","title":{"rendered":"Termine und Veranstaltungen"},"content":{"rendered":"\n<p>Liebe MitstreiterInnen,&nbsp; WegbegleiterInnen und Freunde des AK:BE,<\/p>\n\n\n\n<p>in einem l\u00e4ngeren Prozess haben wir uns im Arbeitskreis \u201eBildung und Erziehung\u201c (AK:BE) entschieden, den Status als attac AK zu Ende November 2025 aufzugeben und treffen uns nun ohne organisatorische Bindung als Offener Politischer Treff jeden 2. Mitttwoch im Monat im Lokal der Alten Feuerwache K\u00f6ln (Melchiorstra\u00dfe) um 20 h.<\/p>\n\n\n\n<p><strong>N\u00e4heres, warum &#8211; und wie es weitergeht<\/strong> haben wir <strong><a href=\"http:\/\/attac-bildung-erziehung.de\/wp-content\/uploads\/2025\/11\/Erkla\u0308rung-des-AK-BE.pdf\">nachstehend<\/a> <\/strong>erl\u00e4utert.<\/p>\n\n\n\n<p>Diese Homepage mit allen in 17 Jahren entstandenen Texten und Dokumentationen steht noch bis zum 31. M\u00e4rz 2026 zur Verf\u00fcgung. F\u00fcr R\u00fcckfragen bis zu diesem Termin gibt Monika Domke Auskunft: <a href=\"mailto:monika_domke@yahoo.de\">monika_domke@yahoo.de<\/a><\/p>\n\n\n\n<p>Mit solidarischen Gr\u00fc\u00dfen f\u00fcr den \u2013 nun ehemaligen \u2013 AK:BE<\/p>\n\n\n\n<p>Dr. J\u00fcrgen M\u00fcnch&nbsp; &#8211;&nbsp; jmuenchkoeln@t-online.de<\/p>\n\n\n\n<p>Oswald Pannes &nbsp;&nbsp;&nbsp;&nbsp;&nbsp;&nbsp;&#8211;&nbsp; oswaldpannes@gmx.de<\/p>\n\n\n\n<p><em><strong> <\/strong><\/em><\/p>\n\n\n\n<h3><strong>Die n\u00e4chsten Treffen:<\/strong><\/h3>\n\n\n\n<p> Mittwoch, 12. November 2025, 20 Uhr im LOKAL (!) der Alten Feuerwache <\/p>\n\n\n\n<p>Mittwoch 10. Dezember 2025, 20 Uhr im LOKAL (!) der Alten Feuerwache          <\/p>\n\n\n\n<h3><strong>N\u00e4heres \u00fcber Kontakt<\/strong><\/h3>\n\n\n\n<p>Monika Domke &#8211;  monika_domke@yahoo.de <\/p>\n\n\n\n<hr class=\"wp-block-separator\"\/>\n\n\n\n<h2>Hinweis auf j\u00fcngste Veranstaltungen<\/h2>\n\n\n\n<p><strong>27. Oktober 2025<\/strong> \u201eFriedensbildung in Zeiten der Kriegsvorbereitung\u201c .<\/p>\n\n\n\n<p>Veranstaltung des Gespr\u00e4chskreises Bildungspolitik der RosaLuxemburgStiftung. ReferentInnen: Martina Schmerr von der GEW und Lutz van Dijk langj\u00e4hriger Aktivist f\u00fcr Frieden und Menschenrechte, Link zur Veranstaltungsdokumentation: <a href=\"https:\/\/bildungspolitik.blog.rosalux.de\/2025\/11\/07\/friedensbildung-in-zeiten-der-kriegsvorbereitung-veranstaltungsdokumentation\/\"><a class=\"\" href=\"https:\/\/bildungspolitik.blog.rosalux.de\/2025\/11\/07\/friedensbildung-in-zeiten-der-kriegsvorbereitung-veranstaltungsdokumentation\/\">https:\/\/bildungspolitik.blog.rosalux.de\/2025\/11\/07\/friedensbildung-in-zeiten-der-kriegsvorbereitung-veranstaltungsdokumentation\/<\/a><\/a>.<\/p>\n\n\n\n<p><strong>13. September 2025: <\/strong>Aktionstag &#8220;Bildung rauf, R\u00fcstung runter&#8221; (<a rel=\"noreferrer noopener\" href=\"https:\/\/koeln.gew-nrw.de\/fileadmin\/Untergliederung\/Koeln\/Dateien_PDFs\/Veranstaltungen\/2025-09-13-Bildung-rauf.pdf\" target=\"_blank\">Link zum aktuellen Flyer<\/a>)<\/p>\n","protected":false},"excerpt":{"rendered":"<p>Liebe MitstreiterInnen,&nbsp; WegbegleiterInnen und Freunde des AK:BE, in einem l\u00e4ngeren Prozess haben wir uns im Arbeitskreis \u201eBildung und Erziehung\u201c (AK:BE) entschieden, den Status als attac AK zu Ende November 2025 aufzugeben und treffen uns nun ohne organisatorische Bindung als Offener &hellip; <a href=\"http:\/\/attac-bildung-erziehung.de\/?page_id=2524\">Weiterlesen <span class=\"meta-nav\">&rarr;<\/span><\/a><\/p>\n","protected":false},"author":1,"featured_media":0,"parent":0,"menu_order":-7,"comment_status":"closed","ping_status":"closed","template":"","meta":[],"_links":{"self":[{"href":"http:\/\/attac-bildung-erziehung.de\/index.php?rest_route=\/wp\/v2\/pages\/2524"}],"collection":[{"href":"http:\/\/attac-bildung-erziehung.de\/index.php?rest_route=\/wp\/v2\/pages"}],"about":[{"href":"http:\/\/attac-bildung-erziehung.de\/index.php?rest_route=\/wp\/v2\/types\/page"}],"author":[{"embeddable":true,"href":"http:\/\/attac-bildung-erziehung.de\/index.php?rest_route=\/wp\/v2\/users\/1"}],"replies":[{"embeddable":true,"href":"http:\/\/attac-bildung-erziehung.de\/index.php?rest_route=%2Fwp%2Fv2%2Fcomments&post=2524"}],"version-history":[{"count":29,"href":"http:\/\/attac-bildung-erziehung.de\/index.php?rest_route=\/wp\/v2\/pages\/2524\/revisions"}],"predecessor-version":[{"id":2746,"href":"http:\/\/attac-bildung-erziehung.de\/index.php?rest_route=\/wp\/v2\/pages\/2524\/revisions\/2746"}],"wp:attachment":[{"href":"http:\/\/attac-bildung-erziehung.de\/index.php?rest_route=%2Fwp%2Fv2%2Fmedia&parent=2524"}],"curies":[{"name":"wp","href":"https:\/\/api.w.org\/{rel}","templated":true}]}}