{"id":44,"date":"2011-07-19T07:57:39","date_gmt":"2011-07-19T07:57:39","guid":{"rendered":"http:\/\/attac-bildung-erziehung.de\/?page_id=44"},"modified":"2025-03-30T09:14:03","modified_gmt":"2025-03-30T09:14:03","slug":"bildungspolitik-okonomie","status":"publish","type":"page","link":"http:\/\/attac-bildung-erziehung.de\/?page_id=44","title":{"rendered":"Bildungspolitik \/ -\u00f6konomie"},"content":{"rendered":"<p>Materialien und Positionen zu Fragen der Bildungspolitik und -\u00f6konomie. Weitere Texte auf der <a href=\"http:\/\/attac-bildung-erziehung.de\/?page_id=19(\u00f6ffnet in neuem Tab)\" data-wplink-url-error=\"true\">Archivseite<\/a> unter den Jahren 2008, 2009, 2010, 2011.<\/p>\n<p><span style=\"color: #000000;\"><strong>__________________________________________________________________________<\/strong><\/span><\/p>\n<h2><span style=\"color: #000000;\">Die Durchsetzung des <a style=\"color: #000000;\" href=\"http:\/\/attac-bildung-erziehung.de\/wp-content\/uploads\/2011\/07\/Durchsetzg_-NPM.pdf\">New Public Management (NPM)<\/a> als \u00fcbergreifendes<\/span><br \/><span style=\"color: #000000;\">Umsteuerungskonzept zur neoliberalen \u00d6konomisierung der \u00d6ffentlichen<\/span><br \/><span style=\"color: #000000;\">Verwaltungen und Institutionen im deutschsprachigen Raum durch die<\/span><br \/><span style=\"color: #000000;\">Bertelsmann-Stiftung<\/span><\/h2>\n<h5>Gliederung, Textzusammenstellung und redaktionelle Bearbeitung im November 2013:\u00a0 Dr. J\u00fcrgen M\u00fcnch<\/h5>\n<h5><span style=\"color: #ff0000;\"><strong>_<span style=\"color: #000000;\">______________________________________________________________________<\/span><\/strong><\/span><\/h5>\n<p>\u00a0<\/p>\n<p>\u00a0<\/p>\n<p>\u00a0<\/p>\n<div>\n<div>\n<div>\n<div>\u00a0<\/div>\n<\/div>\n<\/div>\n<\/div>\n\n\n<p><\/p>\n","protected":false},"excerpt":{"rendered":"<p>Materialien und Positionen zu Fragen der Bildungspolitik und -\u00f6konomie. Weitere Texte auf der Archivseite unter den Jahren 2008, 2009, 2010, 2011. __________________________________________________________________________ Die Durchsetzung des New Public Management (NPM) als \u00fcbergreifendesUmsteuerungskonzept zur neoliberalen \u00d6konomisierung der \u00d6ffentlichenVerwaltungen und Institutionen im deutschsprachigen &hellip; <a href=\"http:\/\/attac-bildung-erziehung.de\/?page_id=44\">Weiterlesen <span class=\"meta-nav\">&rarr;<\/span><\/a><\/p>\n","protected":false},"author":1,"featured_media":0,"parent":411,"menu_order":5,"comment_status":"closed","ping_status":"closed","template":"","meta":[],"_links":{"self":[{"href":"http:\/\/attac-bildung-erziehung.de\/index.php?rest_route=\/wp\/v2\/pages\/44"}],"collection":[{"href":"http:\/\/attac-bildung-erziehung.de\/index.php?rest_route=\/wp\/v2\/pages"}],"about":[{"href":"http:\/\/attac-bildung-erziehung.de\/index.php?rest_route=\/wp\/v2\/types\/page"}],"author":[{"embeddable":true,"href":"http:\/\/attac-bildung-erziehung.de\/index.php?rest_route=\/wp\/v2\/users\/1"}],"replies":[{"embeddable":true,"href":"http:\/\/attac-bildung-erziehung.de\/index.php?rest_route=%2Fwp%2Fv2%2Fcomments&post=44"}],"version-history":[{"count":55,"href":"http:\/\/attac-bildung-erziehung.de\/index.php?rest_route=\/wp\/v2\/pages\/44\/revisions"}],"predecessor-version":[{"id":2636,"href":"http:\/\/attac-bildung-erziehung.de\/index.php?rest_route=\/wp\/v2\/pages\/44\/revisions\/2636"}],"up":[{"embeddable":true,"href":"http:\/\/attac-bildung-erziehung.de\/index.php?rest_route=\/wp\/v2\/pages\/411"}],"wp:attachment":[{"href":"http:\/\/attac-bildung-erziehung.de\/index.php?rest_route=%2Fwp%2Fv2%2Fmedia&parent=44"}],"curies":[{"name":"wp","href":"https:\/\/api.w.org\/{rel}","templated":true}]}}