{"id":933,"date":"2020-09-23T09:00:49","date_gmt":"2020-09-23T09:00:49","guid":{"rendered":"http:\/\/attac-bildung-erziehung.de\/?page_id=933"},"modified":"2025-03-30T09:14:03","modified_gmt":"2025-03-30T09:14:03","slug":"inklusion","status":"publish","type":"page","link":"http:\/\/attac-bildung-erziehung.de\/?page_id=933","title":{"rendered":"Inklusion"},"content":{"rendered":"\n<p>Texte und Links zum Thema &#8230;<\/p>\n\n\n\n<h2>Effekte der \u201eSonderp\u00e4dagogisierung\u201c (2020)<\/h2>\n\n\n\n<p>Dr.\nBrigitte Schumann. 30.10.2020<\/p>\n\n\n\n<p>Wenn trotz steigender Inklusionsanteile an allgemeinen Schulen die Zahl der Kinder an Sonderschulen nicht sinkt, dann ist dies Resultat einer Bildungspolitik, die die Inklusion der Sonderp\u00e4dagogik \u00fcberl\u00e4sst und die v\u00f6lkerrechtlichen Anspr\u00fcche aus der UN-Behindertenrechtskonvention (UN-BRK) komplett ignoriert. Der bundesweite Trend,den Klaus Klemm in seiner <a rel=\"noreferrer noopener\" href=\"https:\/\/www.bertelsmann-stiftung.de\/index.php?id=5772&amp;tx_rsmbstpublications_pi2%5bdoi%5d=10.11586\/2018050&amp;no_cache=1\" target=\"_blank\">Studie aus bildungsstatistischer Perspektive von 2008 bis 2016<\/a> feststellen konnte, hat sich von 2016 bis 2018 weiter fortgesetzt, wie die 2020 ver\u00f6ffentlichte <a rel=\"noreferrer noopener\" href=\"https:\/\/www.kmk.org\/dokumentation-statistik\/statistik\/schulstatistik\/sonderpaedagogische-foerderung-an-schulen.html\" target=\"_blank\">Statistik der Kultusministerkonferenz (KMK) <\/a>zeigt. Mit der Zunahme von Kindern mit sonderp\u00e4dagogischem F\u00f6rderbedarf an allgemeinen Schulen wird ohne einen entsprechenden Abbau der segregierenden Sonderschulstrukturen weiterhin ein Inklusionsfortschritt vorget\u00e4uscht, den es nicht gibt. Mehr &#8230; <a href=\"https:\/\/bildungsklick.de\/schule\/detail\/effekte-der-sonderpaedagogisierung\">https:\/\/bildungsklick.de\/schule\/detail\/effekte-der-sonderpaedagogisierung<\/a><\/p>\n\n\n\n<p class=\"has-text-align-center\">&#8211; &#8211; &#8211; &#8211; <\/p>\n\n\n\n<h2>Das Scheitern der Pseudo-Inklusion (2018)<\/h2>\n\n\n\n<p>Prof. Dr.\nem. Hans Wocken, 01.08.2018<\/p>\n\n\n\n<p>Nicht die Inklusion ist gescheitert,\nsondern die bisherige \u201ePseudo-Inklusion\u201c ist krachend gescheitert! Eine\nUmsteuerung der Inklusionspolitik tut dringend not, aber bitte in die richtige\nRichtung. <\/p>\n\n\n\n<p>Inklusionskritik ist in Mode gekommen und gesellschaftsf\u00e4hig geworden. Die Inklusionskritiker und -gegner haben die schulische Inklusion gr\u00fcndlich schlecht geredet. Sie kritisieren schulische Inklusion allerdings nicht, um sie zu optimieren. Nein, sie wollen in Wahrheit schulische Inklusion restriktiver handhaben und im Tempo drosseln, am liebsten aber abschaffen und verhindern. Und deshalb muss Inklusion madig gemacht werden. Die Antiinklusionskampagne ist nicht zimperlich und beschw\u00f6rt nicht etwa einige Kinderkrankheiten der Inklusion, sondern gleich den vollst\u00e4ndigen Untergang des deutschen Bildungssystems. Der Gymnasiallehrer Michael Felten behauptet, dass Inklusion das Bildungssystem \u201eruiniere\u201c. Dem langj\u00e4hrigen Pr\u00e4sidenten des Philologenverbandes Josef Kraus zufolge tr\u00e4gt insonderheit Inklusion dazu bei, dass eine ganze Bildungsnation \u201evor die Wand gefahren\u201c wird. Das Gymnasium wittert angesichts von schulischer Inklusion eine bildungspolitische Apokalypse. Die angstmachende&nbsp; Drohung lautet: Wenn auch Sch\u00fcler mit Behinderungen in die allgemeinen Schulen Einzug halten, dann steht allerorten ein rapider Leistungsabfall ins Haus und das deutsche Bildungssystem wird im internationalen Wettbewerb hoffnungslos hinterherlaufen. Mehr &#8230; <a href=\"https:\/\/bildungsklick.de\/schule\/detail\/das-scheitern-der-pseudo-inklusion\">https:\/\/bildungsklick.de\/schule\/detail\/das-scheitern-der-pseudo-inklusion<\/a><\/p>\n\n\n\n<p class=\"has-text-align-center\">&#8211; &#8211; &#8211; &#8211; <\/p>\n\n\n\n<h2>Inklusion &#8211; ein verweigertes Menschenrecht (2020)<\/h2>\n\n\n\n<p>Texte von Brigitte Schumann zur UN-Behindertenrechtskonvention.  Der AK:BE unternimmt mit diesem <a href=\"http:\/\/attac-bildung-erziehung.de\/wp-content\/uploads\/2020\/02\/RB31.pdf\">Rundbrief 31<\/a> den Versuch, anhand einer Auswahl von Artikeln aus 10 Jahren die  Entwicklung  der  Inklusion  in  Deutschland  nach  Ratifizierung  der  UN-BehindertenRechtsKonvention (BRK)  nachvollziehbar  zu  machen \u2013 und damit hoffentlich Motivation zu aktiver Stellungnahme gegen Tendenzen zur faktischen Zerschlagung der Inklusion in Deutschland zu wecken.  <\/p>\n\n\n\n<p class=\"has-text-align-center\">&#8211; &#8211; &#8211; &#8211; &#8211; &#8211;<\/p>\n\n\n\n<h2>mittendrin e.V.  (2020)<\/h2>\n\n\n\n<p>&#8230;  als Elternverein 2006 in K\u00f6ln gegr\u00fcndet, \u201ef\u00f6rdert mit seiner Arbeit das gemeinsame Leben und Lernen von Menschen mit und ohne Behinderungen in allen Lebensbereichen. Er betreibt dazu insbesondere Informationsarbeit und wirkt auf die Schaffung g\u00fcnstiger Rahmenbedingungen f\u00fcr gemeinsames Leben und Lernen hin &#8230; <\/p>\n\n\n\n<p><strong>7 GR\u00dcNDE F\u00dcR INKLUSIVE BILDUNG<\/strong><\/p>\n\n\n\n<p>1 Auch Teilhabe muss man lernen<\/p>\n\n\n\n<p>2 Das Sonderschulsystem liefert keine \u00fcberzeugenden Ergebnisse<\/p>\n\n\n\n<p>3 Die Existenz der Sonderschulen f\u00f6rdert die soziale Spaltung<\/p>\n\n\n\n<p>4 Wir brauchen Jede*n<\/p>\n\n\n\n<p>5 Mehr Vielfalt n\u00fctzt allen Kindern<\/p>\n\n\n\n<p>6 Soziale Kompetenz f\u00fcr Alle<\/p>\n\n\n\n<p>7 Inklusion ist kein Problem, dessen F\u00fcr und Wider diskutiert werden kann, sondern ist Aufgabe jeder demokratischen Gesellschaft.<\/p>\n\n\n\n<p><\/p>\n\n\n\n<p><strong>VISION. <\/strong>Unsere Vision ist eine inklusive Gesellschaft, die alle Menschen mit gleichen Rechten ausstattet und ihnen die volle Teilhabe in allen  Lebensbereichen erm\u00f6glicht. <\/p>\n\n\n\n<p>In unseren Schulen entscheidet sich, wie die\nGesellschaft von morgen aussieht. Sortieren wir Kinder bereits in der Schule\nhinsichtlich einer Behinderung, ihrer Herkunft oder ihres vermuteten\nLeistungspotenzials, k\u00f6nnen wir nicht erwarten, dass die k\u00fcnftige Gesellschaft\nvon Zusammenhalt und gegenseitigem Respekt gepr\u00e4gt sein wird. Insbesondere die\nKinder in den Sonderschulen werden der Gesellschaft entfremdet. <\/p>\n\n\n\n<p>Deshalb setzen wir uns f\u00fcr Eine Schule f\u00fcr Alle ein. Hier haben wir besonders die Teilhabe der Kinder mit Behinderungen oder einem sonderp\u00e4dagogischen F\u00f6rderbedarf im Blick. Gelingt es f\u00fcr diese Kinder gute Bedingungen des Lernens und Zusammenlebens in der Schule zu schaffen, finden auch alle anderen Kinder ein besseres Lernumfeld vor. Denn Eine Schule f\u00fcr Alle tr\u00e4gt den individuellen Bed\u00fcrfnissen jeder einzelnen Sch\u00fclerin und jedes einzelnen Sch\u00fclers und der Vielfalt der gesamten Sch\u00fclerschaft Rechnung. So ist sie auch eine Schule f\u00fcr das hochbegabte Kind, das Kind nicht deutscher Herkunft oder das Kind aus schwierigen sozialen Verh\u00e4ltnissen.&#8221; Alle Zitate und <strong><a href=\"https:\/\/www.mittendrin-koeln.de\/\">mehr <\/a><\/strong>&#8230; https:\/\/www.mittendrin-koeln.de<\/p>\n\n\n\n<p class=\"has-text-align-center\">&#8211; &#8211; &#8211; &#8211; &#8211;<\/p>\n\n\n\n<h2 id=\"mce_0\">Eltern mit Kindern mit Behinderungen in der Corona-Zeit (2020)<\/h2>\n\n\n\n<p>Berichte und Ergebnisse wissenschaftlicher Befragungen (2020)<\/p>\n\n\n\n<p><strong><em>&#8220;Ihr kennt unser Leben nicht. <\/em><\/strong>Als im M\u00e4rz die Kontaktbeschr\u00e4nkungen beschlossen wurden, haben die Entscheider:innen nicht bedacht, dass f\u00fcr viele Familien mit schwerbehinderten Kindern ein ausgekl\u00fcgeltes Unterst\u00fctzungssystem zusammenbricht. Dass der Alltag im Lockdown ohne Schule, ohne Familienhelfer:innen, ohne Schulbegleiter:innen, ohne Therapien und ohne Betreuungsangebote f\u00fcr manche Eltern zum 24-Stunden-Job wird. Als wir Elterninitiativen dar\u00fcber berichtet haben, als die Medien berichtet haben, dachtet Ihr, das seien Einzelf\u00e4lle.<\/p>\n\n\n\n<p><strong><em>Ihr kennt unser Leben nicht. Als\ndie Schulen im Mai langsam wieder \u00f6ffneten, haben wir wieder berichtet.<\/em><\/strong>Dass Kinder wegen ihrer Behinderung vom Unterricht ausgeschlossen\nwurden, weil man sie f\u00fcr infektionsgef\u00e4hrlich hielt. Dass andere Kinder mit\nBehinderung nur einzelne Tage zur Schule durften. Ihr dachtet, das seien\nEinzelf\u00e4lle.<\/p>\n\n\n\n<p><strong><em>Ihr kennt unser Leben immer noch nicht. Als wir zum neuen Schuljahr berichteten<\/em> &#8230; Mehr<\/strong> <a href=\"https:\/\/www.inklusions-pegel.de\/oktober_2020\">https:\/\/www.inklusions-pegel.de\/oktober_2020<\/a><\/p>\n\n\n\n<p>Zu den Belastungen insbesondere von Familien mit beeintr\u00e4chtigten Kindern und Jugendlichen angesichts der anhaltenden COVID-19-Pandemie  haben auch das Inclusion Technology Lab Berlin und das Fraunhofer-Institut f\u00fcr Angewandte Informationstechnik FIT einer Online-Befragung durchgef\u00fchrt. Mehr &#8230;  https:\/\/bildungsklick.de\/fruehe-bildung\/detail\/so-leiden-beeintraechtigte-kinder-und-ihre-eltern-unter-der-corona-krise <\/p>\n\n\n\n<p class=\"has-text-align-center\">_ _ _ _ _<\/p>\n\n\n\n<p><\/p>\n\n\n\n<h2>bidok &#8211; die digitale Bibliothek zu Behinderung und\nInklusion<\/h2>\n\n\n\n<p>In der digitalen Bibliothek <a href=\"http:\/\/bidok.uibk.ac.at\/\">http:\/\/bidok.uibk.ac.at\/<\/a> &nbsp;finden Sie Texte zu Behinderung, Inklusion und Disability Studies. Nutzer_innen haben Open Access zu barrierefreien Texten und Materialien: Aufs\u00e4tze, Sammelbandbeitr\u00e4ge, Monographien, hervorragende Abschlussarbeiten, sowie Vortr\u00e4ge <\/p>\n\n\n\n<p>und u.a. auch eine kommentierte Sammlung der UN-Dokumente zu den Themen Behinderung, Bildung und Inklusion <a href=\"http:\/\/bidok.uibk.ac.at\/projekte\/sammlung-un-dokumente\/sammlung.html\">http:\/\/bidok.uibk.ac.at\/projekte\/sammlung-un-dokumente\/sammlung.html<\/a><\/p>\n\n\n\n<p class=\"has-text-align-center\">_ _ _ _ _<\/p>\n\n\n\n<h2>Chancengleichheit in der Differenz. Zur \u00fcberf\u00e4lligen Neuorientierung der Lehrerbildung auf ein inklusives Schulsystem (2011)<\/h2>\n\n\n\n<p>Dr. J\u00fcrgen M\u00fcnch (2011)<\/p>\n\n\n\n<p>Welche Ver\u00e4nderungen sind notwendig, damit Lehrerbildung und Schulsystem der UN-Behindertenrechtskonvention von 2006 gerecht werden k\u00f6nnen?<br><a href=\"http:\/\/attac-bildung-erziehung.de\/wp-content\/uploads\/2011\/07\/Muench_Lehrerbildung_UNKonvention.pdf\">Muench:_Lehrerbildung_UNKonvention<\/a><\/p>\n\n\n\n<hr class=\"wp-block-separator\"\/>\n\n\n\n<h2>Eine Schule f\u00fcr alle! Ermutigung der professionellen Akteure zu einer \u00fcberf\u00e4lligen Neuorientierung: Special Education goes Inclusive Education! &#8211; Ein Essay  (2009)                                                   <\/h2>\n\n\n\n<p>Dr. J\u00fcrgen M\u00fcnch 11. 02.  2009<\/p>\n\n\n\n<p><a href=\"http:\/\/attac-bildung-erziehung.de\/wp-content\/uploads\/2020\/11\/Juergen-Muench-Essay-Eine-Schule-fu\u0308r-alle11_02_2009.pdf\">M\u00fcnch Eine Schule f\u00fcr alle  (2009)<\/a><br><\/p>\n","protected":false},"excerpt":{"rendered":"<p>Texte und Links zum Thema &#8230; Effekte der \u201eSonderp\u00e4dagogisierung\u201c (2020) Dr. Brigitte Schumann. 30.10.2020 Wenn trotz steigender Inklusionsanteile an allgemeinen Schulen die Zahl der Kinder an Sonderschulen nicht sinkt, dann ist dies Resultat einer Bildungspolitik, die die Inklusion der Sonderp\u00e4dagogik &hellip; <a href=\"http:\/\/attac-bildung-erziehung.de\/?page_id=933\">Weiterlesen <span class=\"meta-nav\">&rarr;<\/span><\/a><\/p>\n","protected":false},"author":1,"featured_media":0,"parent":411,"menu_order":2,"comment_status":"closed","ping_status":"closed","template":"","meta":[],"_links":{"self":[{"href":"http:\/\/attac-bildung-erziehung.de\/index.php?rest_route=\/wp\/v2\/pages\/933"}],"collection":[{"href":"http:\/\/attac-bildung-erziehung.de\/index.php?rest_route=\/wp\/v2\/pages"}],"about":[{"href":"http:\/\/attac-bildung-erziehung.de\/index.php?rest_route=\/wp\/v2\/types\/page"}],"author":[{"embeddable":true,"href":"http:\/\/attac-bildung-erziehung.de\/index.php?rest_route=\/wp\/v2\/users\/1"}],"replies":[{"embeddable":true,"href":"http:\/\/attac-bildung-erziehung.de\/index.php?rest_route=%2Fwp%2Fv2%2Fcomments&post=933"}],"version-history":[{"count":41,"href":"http:\/\/attac-bildung-erziehung.de\/index.php?rest_route=\/wp\/v2\/pages\/933\/revisions"}],"predecessor-version":[{"id":2630,"href":"http:\/\/attac-bildung-erziehung.de\/index.php?rest_route=\/wp\/v2\/pages\/933\/revisions\/2630"}],"up":[{"embeddable":true,"href":"http:\/\/attac-bildung-erziehung.de\/index.php?rest_route=\/wp\/v2\/pages\/411"}],"wp:attachment":[{"href":"http:\/\/attac-bildung-erziehung.de\/index.php?rest_route=%2Fwp%2Fv2%2Fmedia&parent=933"}],"curies":[{"name":"wp","href":"https:\/\/api.w.org\/{rel}","templated":true}]}}